{"id":16,"date":"2023-07-02T12:32:01","date_gmt":"2023-07-02T10:32:01","guid":{"rendered":"http:\/\/bienplusquedezpates.fr\/index.php\/home\/"},"modified":"2025-10-23T19:55:51","modified_gmt":"2025-10-23T17:55:51","slug":"prestations","status":"publish","type":"page","link":"https:\/\/bienplusquedezpates.fr\/","title":{"rendered":"ACCUEIL"},"content":{"rendered":"<figure class=\"wp-block-image aligncenter size-full is-resized\"><img loading=\"lazy\" decoding=\"async\" width=\"1050\" height=\"600\" src=\"https:\/\/bienplusquedezpates.fr\/wp-content\/uploads\/2024\/10\/banniere-1.jpg\" alt=\"\" class=\"wp-image-381\" style=\"width:670px;height:auto\" srcset=\"https:\/\/bienplusquedezpates.fr\/wp-content\/uploads\/2024\/10\/banniere-1.jpg 1050w, https:\/\/bienplusquedezpates.fr\/wp-content\/uploads\/2024\/10\/banniere-1-300x171.jpg 300w, https:\/\/bienplusquedezpates.fr\/wp-content\/uploads\/2024\/10\/banniere-1-1024x585.jpg 1024w, https:\/\/bienplusquedezpates.fr\/wp-content\/uploads\/2024\/10\/banniere-1-768x439.jpg 768w, https:\/\/bienplusquedezpates.fr\/wp-content\/uploads\/2024\/10\/banniere-1-600x343.jpg 600w\" sizes=\"auto, (max-width: 1050px) 100vw, 1050px\" \/><\/figure><div class=\"wp-block-media-text is-stacked-on-mobile\"><figure class=\"wp-block-media-text__media\"><a href=\"https:\/\/bienplusquedezpates.fr\/index.php\/notre-menu\/\"><img loading=\"lazy\" decoding=\"async\" width=\"1024\" height=\"1024\" src=\"https:\/\/bienplusquedezpates.fr\/wp-content\/uploads\/2024\/03\/Design-sans-titre-6-1024x1024.png\" alt=\"\" class=\"wp-image-308 size-full\" srcset=\"https:\/\/bienplusquedezpates.fr\/wp-content\/uploads\/2024\/03\/Design-sans-titre-6-1024x1024.png 1024w, https:\/\/bienplusquedezpates.fr\/wp-content\/uploads\/2024\/03\/Design-sans-titre-6-300x300.png 300w, https:\/\/bienplusquedezpates.fr\/wp-content\/uploads\/2024\/03\/Design-sans-titre-6-150x150.png 150w, https:\/\/bienplusquedezpates.fr\/wp-content\/uploads\/2024\/03\/Design-sans-titre-6-768x768.png 768w, https:\/\/bienplusquedezpates.fr\/wp-content\/uploads\/2024\/03\/Design-sans-titre-6-1536x1536.png 1536w, https:\/\/bienplusquedezpates.fr\/wp-content\/uploads\/2024\/03\/Design-sans-titre-6-2048x2048.png 2048w, https:\/\/bienplusquedezpates.fr\/wp-content\/uploads\/2024\/03\/Design-sans-titre-6-600x600.png 600w, https:\/\/bienplusquedezpates.fr\/wp-content\/uploads\/2024\/03\/Design-sans-titre-6-100x100.png 100w\" sizes=\"auto, (max-width: 1024px) 100vw, 1024px\" \/><\/a><\/figure><div class=\"wp-block-media-text__content\"><p class=\"has-text-align-center\"><strong>EVENEMENTS<\/strong><\/p>\n\n<p><strong>Notre food truck peut \u00eatre privatis\u00e9. Ne vous posez plus la question de la restauration pour les \u00e9v\u00e9nements que vous organisez. Nous nous adaptons et nous pouvons trouver des solutions \u00e0 vos envies et \u00e0 vos demandes gustatives. Prenez contact avec nous et nous \u00e9laborerons ensemble votre projet.<\/strong><\/p><\/div><\/div><div class=\"wp-block-media-text has-media-on-the-right is-stacked-on-mobile\"><div class=\"wp-block-media-text__content\"><p class=\"has-text-align-center\"><strong>COMMANDE<\/strong><\/p>\n\n<p class=\"has-text-align-center\"><strong>Nous prenons vos commandes par t\u00e9l\u00e9phone<\/strong> <strong>et nous organisons votre livraison<\/strong><\/p>\n\n<p class=\"has-text-align-center\"><\/p><\/div><figure class=\"wp-block-media-text__media\"><a href=\"https:\/\/bienplusquedezpates.fr\/index.php\/boutique\/\"><img loading=\"lazy\" decoding=\"async\" width=\"960\" height=\"640\" src=\"https:\/\/bienplusquedezpates.fr\/wp-content\/uploads\/2023\/08\/383ecc2e-d2da-42e5-b39c-e70d50766607_3_192289-160459380489151.jpeg\" alt=\"\" class=\"wp-image-66 size-full\" srcset=\"https:\/\/bienplusquedezpates.fr\/wp-content\/uploads\/2023\/08\/383ecc2e-d2da-42e5-b39c-e70d50766607_3_192289-160459380489151.jpeg 960w, https:\/\/bienplusquedezpates.fr\/wp-content\/uploads\/2023\/08\/383ecc2e-d2da-42e5-b39c-e70d50766607_3_192289-160459380489151-600x400.jpeg 600w, https:\/\/bienplusquedezpates.fr\/wp-content\/uploads\/2023\/08\/383ecc2e-d2da-42e5-b39c-e70d50766607_3_192289-160459380489151-300x200.jpeg 300w, https:\/\/bienplusquedezpates.fr\/wp-content\/uploads\/2023\/08\/383ecc2e-d2da-42e5-b39c-e70d50766607_3_192289-160459380489151-768x512.jpeg 768w\" sizes=\"auto, (max-width: 960px) 100vw, 960px\" \/><\/a><\/figure><\/div><div class=\"wp-block-columns is-layout-flex wp-container-core-columns-is-layout-28f84493 wp-block-columns-is-layout-flex\"><div class=\"wp-block-column is-layout-flow wp-block-column-is-layout-flow\" style=\"flex-basis:50%\"><figure class=\"wp-block-image\"><img loading=\"lazy\" decoding=\"async\" width=\"1020\" height=\"1024\" src=\"https:\/\/bienplusquedezpates.fr\/wp-content\/uploads\/2024\/03\/Design-sans-titre-5-1020x1024.jpg\" alt=\"\" class=\"wp-image-303\" srcset=\"https:\/\/bienplusquedezpates.fr\/wp-content\/uploads\/2024\/03\/Design-sans-titre-5-1020x1024.jpg 1020w, https:\/\/bienplusquedezpates.fr\/wp-content\/uploads\/2024\/03\/Design-sans-titre-5-300x300.jpg 300w, https:\/\/bienplusquedezpates.fr\/wp-content\/uploads\/2024\/03\/Design-sans-titre-5-150x150.jpg 150w, https:\/\/bienplusquedezpates.fr\/wp-content\/uploads\/2024\/03\/Design-sans-titre-5-768x771.jpg 768w, https:\/\/bienplusquedezpates.fr\/wp-content\/uploads\/2024\/03\/Design-sans-titre-5-1530x1536.jpg 1530w, https:\/\/bienplusquedezpates.fr\/wp-content\/uploads\/2024\/03\/Design-sans-titre-5-2041x2048.jpg 2041w, https:\/\/bienplusquedezpates.fr\/wp-content\/uploads\/2024\/03\/Design-sans-titre-5-600x602.jpg 600w, https:\/\/bienplusquedezpates.fr\/wp-content\/uploads\/2024\/03\/Design-sans-titre-5-100x100.jpg 100w\" sizes=\"auto, (max-width: 1020px) 100vw, 1020px\" \/><\/figure><\/div>\n\n<div class=\"wp-block-column is-layout-flow wp-block-column-is-layout-flow\" style=\"flex-basis:50%\"><figure class=\"wp-block-image size-full is-resized\"><img loading=\"lazy\" decoding=\"async\" width=\"330\" height=\"211\" src=\"https:\/\/bienplusquedezpates.fr\/wp-content\/uploads\/2025\/10\/Carte_Nord-Pas-de-Calais_Arras_-_Picardie.png\" alt=\"\" class=\"wp-image-422\" style=\"width:402px;height:auto\" srcset=\"https:\/\/bienplusquedezpates.fr\/wp-content\/uploads\/2025\/10\/Carte_Nord-Pas-de-Calais_Arras_-_Picardie.png 330w, https:\/\/bienplusquedezpates.fr\/wp-content\/uploads\/2025\/10\/Carte_Nord-Pas-de-Calais_Arras_-_Picardie-300x192.png 300w\" sizes=\"auto, (max-width: 330px) 100vw, 330px\" \/><\/figure>\n\n<h2 class=\"wp-block-heading\">Des prestations sur tout le d\u00e9partement <\/h2><\/div><\/div><p><\/p>","protected":false},"excerpt":{"rendered":"<p>EVENEMENTS Notre food truck peut \u00eatre privatis\u00e9. Ne vous posez plus la question de la restauration pour les \u00e9v\u00e9nements que vous organisez. Nous nous adaptons et nous pouvons trouver des solutions \u00e0 vos envies et \u00e0 vos demandes gustatives. Prenez contact avec nous et nous \u00e9laborerons ensemble votre projet. COMMANDE Nous prenons vos commandes par [&hellip;]<\/p>\n","protected":false},"author":1,"featured_media":0,"parent":0,"menu_order":0,"comment_status":"closed","ping_status":"closed","template":"templates\/template-frontpage.php","meta":{"site-sidebar-layout":"default","site-content-layout":"","ast-site-content-layout":"","site-content-style":"default","site-sidebar-style":"default","ast-global-header-display":"","ast-banner-title-visibility":"","ast-main-header-display":"","ast-hfb-above-header-display":"","ast-hfb-below-header-display":"","ast-hfb-mobile-header-display":"","site-post-title":"","ast-breadcrumbs-content":"","ast-featured-img":"","footer-sml-layout":"","theme-transparent-header-meta":"","adv-header-id-meta":"","stick-header-meta":"","header-above-stick-meta":"","header-main-stick-meta":"","header-below-stick-meta":"","astra-migrate-meta-layouts":"default","ast-page-background-enabled":"default","ast-page-background-meta":{"desktop":{"background-color":"var(--ast-global-color-4)","background-image":"","background-repeat":"repeat","background-position":"center center","background-size":"auto","background-attachment":"scroll","background-type":"","background-media":"","overlay-type":"","overlay-color":"","overlay-opacity":"","overlay-gradient":""},"tablet":{"background-color":"","background-image":"","background-repeat":"repeat","background-position":"center center","background-size":"auto","background-attachment":"scroll","background-type":"","background-media":"","overlay-type":"","overlay-color":"","overlay-opacity":"","overlay-gradient":""},"mobile":{"background-color":"","background-image":"","background-repeat":"repeat","background-position":"center center","background-size":"auto","background-attachment":"scroll","background-type":"","background-media":"","overlay-type":"","overlay-color":"","overlay-opacity":"","overlay-gradient":""}},"ast-content-background-meta":{"desktop":{"background-color":"var(--ast-global-color-5)","background-image":"","background-repeat":"repeat","background-position":"center center","background-size":"auto","background-attachment":"scroll","background-type":"","background-media":"","overlay-type":"","overlay-color":"","overlay-opacity":"","overlay-gradient":""},"tablet":{"background-color":"var(--ast-global-color-5)","background-image":"","background-repeat":"repeat","background-position":"center center","background-size":"auto","background-attachment":"scroll","background-type":"","background-media":"","overlay-type":"","overlay-color":"","overlay-opacity":"","overlay-gradient":""},"mobile":{"background-color":"var(--ast-global-color-5)","background-image":"","background-repeat":"repeat","background-position":"center center","background-size":"auto","background-attachment":"scroll","background-type":"","background-media":"","overlay-type":"","overlay-color":"","overlay-opacity":"","overlay-gradient":""}},"footnotes":""},"class_list":["post-16","page","type-page","status-publish","hentry"],"jetpack_sharing_enabled":true,"_links":{"self":[{"href":"https:\/\/bienplusquedezpates.fr\/index.php\/wp-json\/wp\/v2\/pages\/16","targetHints":{"allow":["GET"]}}],"collection":[{"href":"https:\/\/bienplusquedezpates.fr\/index.php\/wp-json\/wp\/v2\/pages"}],"about":[{"href":"https:\/\/bienplusquedezpates.fr\/index.php\/wp-json\/wp\/v2\/types\/page"}],"author":[{"embeddable":true,"href":"https:\/\/bienplusquedezpates.fr\/index.php\/wp-json\/wp\/v2\/users\/1"}],"replies":[{"embeddable":true,"href":"https:\/\/bienplusquedezpates.fr\/index.php\/wp-json\/wp\/v2\/comments?post=16"}],"version-history":[{"count":17,"href":"https:\/\/bienplusquedezpates.fr\/index.php\/wp-json\/wp\/v2\/pages\/16\/revisions"}],"predecessor-version":[{"id":423,"href":"https:\/\/bienplusquedezpates.fr\/index.php\/wp-json\/wp\/v2\/pages\/16\/revisions\/423"}],"wp:attachment":[{"href":"https:\/\/bienplusquedezpates.fr\/index.php\/wp-json\/wp\/v2\/media?parent=16"}],"curies":[{"name":"wp","href":"https:\/\/api.w.org\/{rel}","templated":true}]}}